{"id":2387,"date":"2019-04-09T08:11:17","date_gmt":"2019-04-09T08:11:17","guid":{"rendered":"http:\/\/imess.com\/?page_id=2387"},"modified":"2025-10-11T19:52:02","modified_gmt":"2025-10-11T19:52:02","slug":"karriere","status":"publish","type":"page","link":"https:\/\/imess.com\/en\/imess-gmbh\/karriere\/","title":{"rendered":"Career"},"content":{"rendered":"<div class=\"wpb-content-wrapper\"><p><\/p>\n<p>[vc_row][vc_column]<div id=\"ultimate-heading-527269f312315d95b\" class=\"uvc-heading ult-adjust-bottom-margin ultimate-heading-527269f312315d95b uvc-327  uvc-heading-default-font-sizes\" data-hspacer=\"no_spacer\"  data-halign=\"left\" style=\"text-align:left\"><div class=\"uvc-heading-spacer no_spacer\" style=\"top\"><\/div><div class=\"uvc-main-heading ult-responsive\"  data-ultimate-target='.uvc-heading.ultimate-heading-527269f312315d95b h3'  data-responsive-json-new='{\"font-size\":\"\",\"line-height\":\"\"}' ><h3 style=\"--font-weight:theme;\">Werde Teil unseres Teams.<\/h3><\/div><div class=\"uvc-sub-heading ult-responsive\"  data-ultimate-target='.uvc-heading.ultimate-heading-527269f312315d95b .uvc-sub-heading '  data-responsive-json-new='{\"font-size\":\"\",\"line-height\":\"\"}'  style=\"font-weight:normal;margin-top:10px;\">Wir sind stets auf der Suche nach klugen K\u00f6pfen, die Lust haben mit uns zu wachsen. Unsere Zusammenarbeit ist gepr\u00e4gt von einem partnerschaftlichen Miteinander. Die flachen Hierarchien in unserem inhabergef\u00fchrten Unternehmen erm\u00f6glichen es Dir Dich flexibel in das Team einzubringen. Lerne uns kennen und bewirb Dich jetzt!.<\/div><\/div>[vc_empty_space height=&#8221;40px&#8221;][\/vc_column][\/vc_row][vc_row][vc_column]<div id=\"ultimate-heading-980469f312315d9d3\" class=\"uvc-heading ult-adjust-bottom-margin ultimate-heading-980469f312315d9d3 uvc-2070  uvc-heading-default-font-sizes\" data-hspacer=\"no_spacer\"  data-halign=\"left\" style=\"text-align:left\"><div class=\"uvc-heading-spacer no_spacer\" style=\"top\"><\/div><div class=\"uvc-main-heading ult-responsive\"  data-ultimate-target='.uvc-heading.ultimate-heading-980469f312315d9d3 h3'  data-responsive-json-new='{\"font-size\":\"\",\"line-height\":\"\"}' ><h3 style=\"--font-weight:theme;\">Unsere aktuellen Stellenangebote<\/h3><\/div><\/div>[vc_column_text css=&#8221;.vc_custom_1755415761071{padding-top: 20px !important;padding-bottom: 20px !important;}&#8221;]<a href=\"https:\/\/imess.com\/wp-content\/uploads\/2025\/03\/imess-Softwareentwickler-2025.pdf\"><strong>Softwareentwickler (m\/w\/d)<\/strong><\/a><\/p>\n<p><a href=\"https:\/\/imess.com\/wp-content\/uploads\/2024\/07\/imess-Praxis_Abschlussarbeit.pdf\" target=\"_blank\" rel=\"noopener\"><strong>Praxissemester \/ Bachelor- \/ Masterarbeiten f\u00fcr Studierende der Elektrotechnik und Informatik<\/strong><\/a><\/p>\n<p><a href=\"https:\/\/imess.com\/wp-content\/uploads\/2024\/11\/imess-Studium_Konstruktion.pdf\"><b>Werkstudent CAD Zeichnungsersteller (m\/w\/d)<\/b><\/a>[\/vc_column_text][\/vc_column][\/vc_row]<\/p>\n<p><\/p>\n<\/div>","protected":false},"excerpt":{"rendered":"<p>[vc_row][vc_column][vc_empty_space height=&#8221;40px&#8221;][\/vc_column][\/vc_row][vc_row][vc_column][vc_column_text css=&#8221;.vc_custom_1755415761071{padding-top: 20px !important;padding-bottom: 20px !important;}&#8221;]Softwareentwickler (m\/w\/d) Praxissemester \/ Bachelor- \/ Masterarbeiten f\u00fcr Studierende der Elektrotechnik und Informatik Werkstudent CAD Zeichnungsersteller (m\/w\/d)[\/vc_column_text][\/vc_column][\/vc_row]<\/p>\n","protected":false},"author":8,"featured_media":0,"parent":91,"menu_order":1,"comment_status":"closed","ping_status":"closed","template":"","meta":{"_exactmetrics_skip_tracking":false,"_exactmetrics_sitenote_active":false,"_exactmetrics_sitenote_note":"","_exactmetrics_sitenote_category":0,"footnotes":""},"class_list":["post-2387","page","type-page","status-publish","hentry","description-off"],"_links":{"self":[{"href":"https:\/\/imess.com\/en\/wp-json\/wp\/v2\/pages\/2387"}],"collection":[{"href":"https:\/\/imess.com\/en\/wp-json\/wp\/v2\/pages"}],"about":[{"href":"https:\/\/imess.com\/en\/wp-json\/wp\/v2\/types\/page"}],"author":[{"embeddable":true,"href":"https:\/\/imess.com\/en\/wp-json\/wp\/v2\/users\/8"}],"replies":[{"embeddable":true,"href":"https:\/\/imess.com\/en\/wp-json\/wp\/v2\/comments?post=2387"}],"version-history":[{"count":51,"href":"https:\/\/imess.com\/en\/wp-json\/wp\/v2\/pages\/2387\/revisions"}],"predecessor-version":[{"id":4637,"href":"https:\/\/imess.com\/en\/wp-json\/wp\/v2\/pages\/2387\/revisions\/4637"}],"up":[{"embeddable":true,"href":"https:\/\/imess.com\/en\/wp-json\/wp\/v2\/pages\/91"}],"wp:attachment":[{"href":"https:\/\/imess.com\/en\/wp-json\/wp\/v2\/media?parent=2387"}],"curies":[{"name":"wp","href":"https:\/\/api.w.org\/{rel}","templated":true}]}}